{"id":10900,"date":"2024-02-12T00:47:00","date_gmt":"2024-02-12T00:47:00","guid":{"rendered":"https:\/\/www.inmobiliaria.plusvaliauno.mx\/inmobiliaria\/replusvalizate-copy\/"},"modified":"2024-02-12T00:47:00","modified_gmt":"2024-02-12T00:47:00","slug":"venta","status":"publish","type":"page","link":"https:\/\/inmobiliaria.plusvaliauno.mx\/inmobiliaria\/venta\/","title":{"rendered":"Venta"},"content":{"rendered":"<div class=\"wpb-content-wrapper\"><p>[vc_row full_width=&#8221;stretch_row&#8221; css=&#8221;.vc_custom_1625862457920{background-image: url(https:\/\/www.inmobiliaria.plusvaliauno.mx\/inmobiliaria\/wp-content\/uploads\/2020\/06\/plusvalia-uno-inversiones-inmobiliarias-inicio-back-4.jpg?id=4471) !important;background-position: center !important;background-repeat: no-repeat !important;background-size: cover !important;}&#8221;][vc_column][g5plus_space desktop=&#8221;100&#8243; tablet=&#8221;80&#8243; tablet_portrait=&#8221;60&#8243; mobile_landscape=&#8221;50&#8243; mobile=&#8221;40&#8243;][vc_row_inner][vc_column_inner width=&#8221;1\/2&#8243;][vc_single_image image=&#8221;5044&#8243; img_size=&#8221;full&#8221; alignment=&#8221;center&#8221;][\/vc_column_inner][vc_column_inner width=&#8221;1\/2&#8243;][vc_empty_space][vc_empty_space][vc_column_text]<\/p>\n<h4><span style=\"color: #5e5e5e;\">VENTA<\/span><\/h4>\n<p>[\/vc_column_text][vc_empty_space][vc_column_text]<span style=\"font-weight: 400;\">Trabajar con <\/span><b>Plusval\u00eda Uno<\/b><span style=\"font-weight: 400;\"> es confiar en un equipo de profesionales. Nosotros de manera puntual atendemos tus metas y necesidades. Somos la mejor opci\u00f3n para vender tu inmueble.<\/span>[\/vc_column_text][vc_empty_space][vc_empty_space][\/vc_column_inner][\/vc_row_inner][vc_empty_space][\/vc_column][\/vc_row][vc_row css=&#8221;.vc_custom_1628449875077{padding-top: 90px !important;}&#8221;][vc_column][vc_column_text]<\/p>\n<h4 style=\"text-align: center;\"><strong>El proceso para comercializar tu propiedad es el siguiente:<\/strong><\/h4>\n<p>[\/vc_column_text][\/vc_column][\/vc_row][vc_row gap=&#8221;10&#8243; css=&#8221;.vc_custom_1628449926943{padding-top: 70px !important;}&#8221;][vc_column width=&#8221;1\/3&#8243;][vc_single_image image=&#8221;5039&#8243; img_size=&#8221;full&#8221; alignment=&#8221;center&#8221;][vc_empty_space height=&#8221;20px&#8221;][vc_column_text]<\/p>\n<h6 style=\"text-align: center;\"><span style=\"color: #333333;\"><strong>1. Revisi\u00f3n de Documentaci\u00f3n<\/strong><\/span><\/h6>\n<p style=\"text-align: center;\"><span style=\"font-weight: 400; color: #808080;\">Hacemos un an\u00e1lisis puntual del estado en el que se encuentra tu patrimonio para dar paso al proceso de venta. Por lo que se debe tener al d\u00eda los siguientes documentos:<\/span><\/p>\n<ul>\n<li><span style=\"font-weight: 400; color: #808080;\">T\u00edtulo de Propiedad o Escritura Notarial<\/span><\/li>\n<li><span style=\"font-weight: 400; color: #808080;\">Libertad y gravamen<\/span><\/li>\n<li><span style=\"font-weight: 400; color: #808080;\">Boleta \u00faltimo predial<\/span><\/li>\n<li><span style=\"font-weight: 400; color: #808080;\">Recibos de Servicios<\/span><\/li>\n<li><span style=\"font-weight: 400; color: #808080;\">Cuotas de mantenimiento al corriente<\/span><\/li>\n<li><span style=\"font-weight: 400; color: #808080;\">Identificaci\u00f3n oficial del propietario<\/span><\/li>\n<li><span style=\"font-weight: 400; color: #808080;\">Acta de nacimiento y de matrimonio (en caso de que aplique)<\/span><\/li>\n<\/ul>\n<p>[\/vc_column_text][\/vc_column][vc_column width=&#8221;1\/3&#8243;][vc_single_image image=&#8221;5040&#8243; img_size=&#8221;full&#8221; alignment=&#8221;center&#8221;][vc_empty_space height=&#8221;20px&#8221;][vc_column_text]<\/p>\n<h6 style=\"text-align: center;\"><strong><span style=\"color: #333333;\">2. Inspecci\u00f3n de Propiedad\u00a0<\/span><\/strong><\/h6>\n<p style=\"text-align: center;\"><span style=\"font-weight: 400; color: #808080;\">Revisi\u00f3n completa y detallada de la propiedad a Vender para detectar imperfecciones que puedan obstaculizar su comercializaci\u00f3n.<\/span><\/p>\n<p>[\/vc_column_text][\/vc_column][vc_column width=&#8221;1\/3&#8243;][vc_single_image image=&#8221;5041&#8243; img_size=&#8221;full&#8221; alignment=&#8221;center&#8221;][vc_empty_space height=&#8221;20px&#8221;][vc_column_text]<\/p>\n<h6 style=\"text-align: center;\"><strong><span style=\"color: #333333;\">3. Establecer Precio<\/span><\/strong><\/h6>\n<ul>\n<li><span style=\"font-weight: 400; color: #808080;\">Realizamos un aval\u00fao profesional para conocer el valor de la propiedad.\u00a0\u00a0<\/span><\/li>\n<li><span style=\"font-weight: 400; color: #808080;\">Efectuamos una opini\u00f3n de valor basada en un an\u00e1lisis de mercado. Comparamos viviendas en el mismo sector, donde se ubica la propiedad.<\/span><\/li>\n<li><span style=\"font-weight: 400; color: #808080;\">An\u00e1lisis profundo para determinar un precio justo, tema que es crucial para no prolongar la venta.<\/span><\/li>\n<\/ul>\n<p>[\/vc_column_text][\/vc_column][\/vc_row][vc_row gap=&#8221;10&#8243; css=&#8221;.vc_custom_1628470390142{padding-top: 50px !important;padding-bottom: 90px !important;}&#8221;][vc_column width=&#8221;1\/6&#8243;][\/vc_column][vc_column width=&#8221;1\/3&#8243;][vc_single_image image=&#8221;5042&#8243; img_size=&#8221;full&#8221; alignment=&#8221;center&#8221;][vc_empty_space height=&#8221;20px&#8221;][vc_column_text]<\/p>\n<h6 style=\"text-align: center;\"><span style=\"font-weight: 400; color: #333333;\"><strong>4. Promoci\u00f3n y Marketing<\/strong>\u00a0\u00a0<\/span><\/h6>\n<p style=\"text-align: center;\"><span style=\"font-weight: 400; color: #808080;\">Nos apoyamos en estrategias, canales y contenidos adecuados para llegar a potenciales compradores.<\/span><\/p>\n<ul>\n<li><span style=\"font-weight: 400; color: #808080;\">Sesi\u00f3n fotogr\u00e1fica, video y creaci\u00f3n de recorrido virtual.<\/span><\/li>\n<li><span style=\"font-weight: 400; color: #808080;\">Difusi\u00f3n y promoci\u00f3n en medios digitales especializados.<\/span><\/li>\n<li><span style=\"font-weight: 400; color: #808080;\">Promoci\u00f3n en nuestra p\u00e1gina web y redes sociales.<\/span><\/li>\n<li><span style=\"font-weight: 400; color: #808080;\">Concretar citas a compradores potenciales calificados.<\/span><\/li>\n<\/ul>\n<p>[\/vc_column_text][\/vc_column][vc_column width=&#8221;1\/3&#8243;][vc_single_image image=&#8221;5043&#8243; img_size=&#8221;full&#8221; alignment=&#8221;center&#8221;][vc_empty_space height=&#8221;20px&#8221;][vc_column_text]<\/p>\n<h6 style=\"text-align: center;\"><span style=\"font-weight: 400; color: #333333;\"><strong>5. Ofertas y Negociaci\u00f3n<\/strong>\u00a0\u00a0<\/span><\/h6>\n<ul>\n<li><span style=\"font-weight: 400; color: #808080;\">Se analizan y se presentan las condiciones propuestas por el Comprador (Forma de pago, Recursos Propios, cr\u00e9dito hipotecario, descuentos, etc.).<\/span><\/li>\n<li><span style=\"font-weight: 400; color: #808080;\">Contra-Oferta por parte del Vendedor al Comprador hasta llegar a un acuerdo.<\/span><\/li>\n<li><span style=\"font-weight: 400; color: #808080;\">Firma de Contrato de Compromiso de Compra-Venta y contrato definitivo.<\/span><\/li>\n<\/ul>\n<p>[\/vc_column_text][\/vc_column][vc_column width=&#8221;1\/6&#8243;][\/vc_column][\/vc_row][vc_row full_width=&#8221;stretch_row&#8221; css=&#8221;.vc_custom_1628539233449{padding-top: 2% !important;background-image: url(https:\/\/www.inmobiliaria.plusvaliauno.mx\/inmobiliaria\/wp-content\/uploads\/2018\/01\/background-8.jpg?id=3625) !important;background-position: center !important;background-repeat: no-repeat !important;background-size: cover !important;}&#8221;][vc_column][vc_empty_space][vc_row_inner][vc_column_inner][vc_column_text]<\/p>\n<h4 style=\"text-align: center;\"><span style=\"color: #ffffff;\">Deja tu propiedad en manos de los profesionales con nuestro<\/span><br \/>\n<span style=\"color: #ffffff;\">personal calificado.<\/span><\/h4>\n<h4 style=\"text-align: center;\"><span style=\"color: #ffffff;\">Plusval\u00eda Uno\u2026Somos uno en todo<\/span><\/h4>\n<h4 style=\"text-align: center;\"><span style=\"color: #ffffff;\">\u00a0<\/span><\/h4>\n<p>[\/vc_column_text][\/vc_column_inner][\/vc_row_inner][vc_empty_space][\/vc_column][\/vc_row][vc_row full_width=&#8221;stretch_row&#8221; css=&#8221;.vc_custom_1625873510895{background-color: #ffffff !important;}&#8221;][vc_column][vc_empty_space height=&#8221;45px&#8221;][vc_row_inner][vc_column_inner width=&#8221;1\/2&#8243;][vc_single_image image=&#8221;4872&#8243; img_size=&#8221;full&#8221; alignment=&#8221;center&#8221;][vc_empty_space height=&#8221;18px&#8221;][vc_column_text]<\/p>\n<h4><span style=\"color: #5e5e5e;\">CONT\u00c1CTANOS<\/span><\/h4>\n<p>[\/vc_column_text][vc_column_text]Estamos encantados de poder ayudarte a replusvalizar tu propiedad, cu\u00e9ntanos todo acerca de tu proyecto para poder ofrecerte las mejores soluciones.<\/p>\n<p>Respondemos a la brevedad.[\/vc_column_text][\/vc_column_inner][vc_column_inner width=&#8221;1\/2&#8243;]\n<div class=\"wpcf7 no-js\" id=\"wpcf7-f2538-o1\" lang=\"en-US\" dir=\"ltr\" data-wpcf7-id=\"2538\">\n<div class=\"screen-reader-response\"><p role=\"status\" aria-live=\"polite\" aria-atomic=\"true\"><\/p> <ul><\/ul><\/div>\n<form action=\"\/inmobiliaria\/wp-json\/wp\/v2\/pages\/10900#wpcf7-f2538-o1\" method=\"post\" class=\"wpcf7-form init\" aria-label=\"Contact form\" novalidate=\"novalidate\" data-status=\"init\">\n<fieldset class=\"hidden-fields-container\"><input type=\"hidden\" name=\"_wpcf7\" value=\"2538\" \/><input type=\"hidden\" name=\"_wpcf7_version\" value=\"6.1.1\" \/><input type=\"hidden\" name=\"_wpcf7_locale\" value=\"en_US\" \/><input type=\"hidden\" name=\"_wpcf7_unit_tag\" value=\"wpcf7-f2538-o1\" \/><input type=\"hidden\" name=\"_wpcf7_container_post\" value=\"0\" \/><input type=\"hidden\" name=\"_wpcf7_posted_data_hash\" value=\"\" \/>\n<\/fieldset>\n<div class=\"g5plus-contact-form contact-3-column row text-center\">\n\t<div class=\"col-md-4 col-sm-12 col-xs-12\">\n\t\t<p><span class=\"wpcf7-form-control-wrap\" data-name=\"your-name\"><input size=\"40\" maxlength=\"400\" class=\"wpcf7-form-control wpcf7-text\" aria-invalid=\"false\" placeholder=\"Full name\" value=\"\" type=\"text\" name=\"your-name\" \/><\/span>\n\t\t<\/p>\n\t<\/div>\n\t<div class=\"col-md-4 col-sm-12 col-xs-12\">\n\t\t<p><span class=\"wpcf7-form-control-wrap\" data-name=\"your-email\"><input size=\"40\" maxlength=\"400\" class=\"wpcf7-form-control wpcf7-email wpcf7-validates-as-required wpcf7-text wpcf7-validates-as-email\" aria-required=\"true\" aria-invalid=\"false\" placeholder=\"Email address\" value=\"\" type=\"email\" name=\"your-email\" \/><\/span>\n\t\t<\/p>\n\t<\/div>\n\t<div class=\"col-md-4 col-sm-12 col-xs-12\">\n\t\t<p><span class=\"wpcf7-form-control-wrap\" data-name=\"your-tel\"><input size=\"40\" maxlength=\"400\" class=\"wpcf7-form-control wpcf7-tel wpcf7-text wpcf7-validates-as-tel\" aria-invalid=\"false\" placeholder=\"Phone Number\" value=\"\" type=\"tel\" name=\"your-tel\" \/><\/span>\n\t\t<\/p>\n\t<\/div>\n\t<div class=\"col-xs-12\">\n\t\t<p><span class=\"wpcf7-form-control-wrap\" data-name=\"your-message\"><textarea cols=\"40\" rows=\"10\" maxlength=\"2000\" class=\"wpcf7-form-control wpcf7-textarea\" aria-invalid=\"false\" placeholder=\"Message\" name=\"your-message\"><\/textarea><\/span>\n\t\t<\/p>\n\t<\/div>\n\t<div class=\"col-xs-12\">\n\t\t<p><button class=\"btn btn-md btn-primary btn-outline btn-shape-round\">SUBMIT NOW<\/button>\n\t\t<\/p>\n\t<\/div>\n<\/div><div class=\"wpcf7-response-output\" aria-hidden=\"true\"><\/div>\n<\/form>\n<\/div>\n[\/vc_column_inner][\/vc_row_inner][vc_empty_space height=&#8221;45px&#8221;][\/vc_column][\/vc_row]<\/p>\n<\/div>","protected":false},"excerpt":{"rendered":"<p>[vc_row full_width=&#8221;stretch_row&#8221; css=&#8221;.vc_custom_1625862457920{background-image: url(https:\/\/www.inmobiliaria.plusvaliauno.mx\/inmobiliaria\/wp-content\/uploads\/2020\/06\/plusvalia-uno-inversiones-inmobiliarias-inicio-back-4.jpg?id=4471) !important;background-position: center !important;background-repeat: no-repeat !important;background-size: cover !important;}&#8221;][vc_column][g5plus_space desktop=&#8221;100&#8243; tablet=&#8221;80&#8243; tablet_portrait=&#8221;60&#8243; mobile_landscape=&#8221;50&#8243; mobile=&#8221;40&#8243;][vc_row_inner][vc_column_inner width=&#8221;1\/2&#8243;][vc_single_image image=&#8221;5044&#8243; img_size=&#8221;full&#8221; alignment=&#8221;center&#8221;][\/vc_column_inner][vc_column_inner width=&#8221;1\/2&#8243;][vc_empty_space][vc_empty_space][vc_column_text] VENTA [\/vc_column_text][vc_empty_space][vc_column_text]Trabajar con Plusval\u00eda Uno es confiar en un equipo de profesionales. Nosotros de manera puntual atendemos tus metas y necesidades. Somos la mejor opci\u00f3n para vender tu inmueble.[\/vc_column_text][vc_empty_space][vc_empty_space][\/vc_column_inner][\/vc_row_inner][vc_empty_space][\/vc_column][\/vc_row][vc_row css=&#8221;.vc_custom_1628449875077{padding-top: 90px !important;}&#8221;][vc_column][vc_column_text] El proceso [&hellip;]<\/p>\n","protected":false},"author":2,"featured_media":0,"parent":0,"menu_order":0,"comment_status":"closed","ping_status":"closed","template":"","meta":{"footnotes":""},"class_list":["post-10900","page","type-page","status-publish","hentry"],"_links":{"self":[{"href":"https:\/\/inmobiliaria.plusvaliauno.mx\/inmobiliaria\/wp-json\/wp\/v2\/pages\/10900","targetHints":{"allow":["GET"]}}],"collection":[{"href":"https:\/\/inmobiliaria.plusvaliauno.mx\/inmobiliaria\/wp-json\/wp\/v2\/pages"}],"about":[{"href":"https:\/\/inmobiliaria.plusvaliauno.mx\/inmobiliaria\/wp-json\/wp\/v2\/types\/page"}],"author":[{"embeddable":true,"href":"https:\/\/inmobiliaria.plusvaliauno.mx\/inmobiliaria\/wp-json\/wp\/v2\/users\/2"}],"replies":[{"embeddable":true,"href":"https:\/\/inmobiliaria.plusvaliauno.mx\/inmobiliaria\/wp-json\/wp\/v2\/comments?post=10900"}],"version-history":[{"count":0,"href":"https:\/\/inmobiliaria.plusvaliauno.mx\/inmobiliaria\/wp-json\/wp\/v2\/pages\/10900\/revisions"}],"wp:attachment":[{"href":"https:\/\/inmobiliaria.plusvaliauno.mx\/inmobiliaria\/wp-json\/wp\/v2\/media?parent=10900"}],"curies":[{"name":"wp","href":"https:\/\/api.w.org\/{rel}","templated":true}]}}