{"id":10897,"date":"2025-09-01T09:03:00","date_gmt":"2025-09-01T15:03:00","guid":{"rendered":"http:\/\/www.plusvaliauno.mx\/?page_id=3934"},"modified":"2025-09-04T19:00:11","modified_gmt":"2025-09-05T01:00:11","slug":"quienes-somos","status":"publish","type":"page","link":"https:\/\/inmobiliaria.plusvaliauno.mx\/inmobiliaria\/quienes-somos\/","title":{"rendered":"\u00bfQui\u00e9nes Somos?"},"content":{"rendered":"<div class=\"wpb-content-wrapper\"><p>[vc_row full_width=&#8221;stretch_row&#8221; css=&#8221;.vc_custom_1625862457920{background-image: url(https:\/\/www.inmobiliaria.plusvaliauno.mx\/inmobiliaria\/wp-content\/uploads\/2020\/06\/plusvalia-uno-inversiones-inmobiliarias-inicio-back-4.jpg?id=4471) !important;background-position: center !important;background-repeat: no-repeat !important;background-size: cover !important;}&#8221;][vc_column][g5plus_space desktop=&#8221;100&#8243; tablet=&#8221;80&#8243; tablet_portrait=&#8221;60&#8243; mobile_landscape=&#8221;50&#8243; mobile=&#8221;40&#8243;][vc_row_inner][vc_column_inner width=&#8221;1\/2&#8243;][vc_single_image image=&#8221;4885&#8243; img_size=&#8221;full&#8221; alignment=&#8221;center&#8221;][\/vc_column_inner][vc_column_inner width=&#8221;1\/2&#8243;][vc_empty_space][vc_empty_space][vc_column_text css=&#8221;&#8221;]<\/p>\n<h4><span style=\"color: #5e5e5e;\">SOMOS UNO EN TODO&#8230;<\/span><\/h4>\n<p>[\/vc_column_text][vc_column_text css=&#8221;&#8221;]<span style=\"font-weight: 400;\">Las bases y filosof\u00eda de <\/span><b>Plusval\u00eda Uno<\/b><span style=\"font-weight: 400;\">, tienen un conocimiento profundo enfocado a revolucionar el sistema de los bienes ra\u00edces. Innovando y creando nuevas tendencias de modelos de negocio que faciliten y simplifiquen cumplir metas y objetivos.<\/span><\/p>\n<p><span style=\"font-weight: 400;\">Podemos decir que somos una empresa joven y con alta experiencia dedicada al rubro inmobiliario. Especializada en proteger y brindar soluciones, lo que nos convierte en el mejor aliado de nuestros clientes<\/span><\/p>\n<p>x[\/vc_column_text][vc_empty_space][vc_empty_space][\/vc_column_inner][\/vc_row_inner][vc_empty_space][\/vc_column][\/vc_row][vc_row full_width=&#8221;stretch_row&#8221; css=&#8221;.vc_custom_1628121474986{background-color: #ffffff !important;background-position: center !important;background-repeat: no-repeat !important;background-size: cover !important;}&#8221;][vc_column][g5plus_space desktop=&#8221;80&#8243; tablet=&#8221;60&#8243; tablet_portrait=&#8221;60&#8243; mobile_landscape=&#8221;50&#8243; mobile=&#8221;40&#8243;][vc_row_inner][vc_column_inner][vc_column_text]<\/p>\n<h4 style=\"text-align: center;\"><span style=\"color: #5e5e5e;\">CONOCE M\u00c1S ACERCA DE NUESTROS SERVICIOS<\/span><\/h4>\n<p>[\/vc_column_text][\/vc_column_inner][\/vc_row_inner][vc_empty_space][vc_row_inner][vc_column_inner width=&#8221;1\/3&#8243;][vc_single_image image=&#8221;4971&#8243; img_size=&#8221;full&#8221; alignment=&#8221;center&#8221; onclick=&#8221;custom_link&#8221; img_link_target=&#8221;_blank&#8221; link=&#8221;https:\/\/construccion.plusvaliauno.mx\/&#8221;][\/vc_column_inner][vc_column_inner width=&#8221;1\/3&#8243;][vc_single_image image=&#8221;4973&#8243; img_size=&#8221;full&#8221; alignment=&#8221;center&#8221;][\/vc_column_inner][vc_column_inner width=&#8221;1\/3&#8243;][vc_single_image image=&#8221;4972&#8243; img_size=&#8221;full&#8221; alignment=&#8221;center&#8221;][\/vc_column_inner][\/vc_row_inner][vc_empty_space][vc_empty_space][\/vc_column][\/vc_row][vc_row full_width=&#8221;stretch_row&#8221; css=&#8221;.vc_custom_1624929695953{padding-top: 4% !important;padding-bottom: 4% !important;background-image: url(https:\/\/www.inmobiliaria.plusvaliauno.mx\/inmobiliaria\/wp-content\/uploads\/2018\/05\/bg-404.jpg?id=4320) !important;background-position: center !important;background-repeat: no-repeat !important;background-size: cover !important;}&#8221;][vc_column][vc_empty_space][vc_row_inner][vc_column_inner][vc_column_text]<\/p>\n<h4 style=\"text-align: center;\"><span style=\"color: #ffffff;\">NUESTRO COMPROMISO<\/span><\/h4>\n<p>[\/vc_column_text][vc_column_text css=&#8221;.vc_custom_1593800810027{margin-right: 15% !important;margin-left: 15% !important;}&#8221;]<\/p>\n<p style=\"text-align: center;\"><span style=\"color: #ffffff;\">Revolucionar el mercado inmobiliario en M\u00e9xico innovando y creando nuevas tendencias y modelos de negocio que as\u00ed mismo faciliten, simplifiquen ayuden a cumplir metas y objetivos a nuestros clientes.<\/span><\/p>\n<p>[\/vc_column_text][\/vc_column_inner][\/vc_row_inner][vc_empty_space height=&#8221;45px&#8221;][vc_row_inner][vc_column_inner width=&#8221;1\/3&#8243;][g5plus_icon_box layout_style=&#8221;layout-left&#8221; background_shape=&#8221;shape-outline-circle&#8221; icon_font=&#8221;fas fa-users&#8221; title=&#8221;HONESTIDAD&#8221; description=&#8221;Tener siempre la transparencia interna y externa a las personas, habl\u00e1ndoles con claridad y simplicidad generando una confianza mutua.&#8221; color_scheme=&#8221;color-light&#8221;][\/vc_column_inner][vc_column_inner width=&#8221;1\/3&#8243;][g5plus_icon_box layout_style=&#8221;layout-left&#8221; background_shape=&#8221;shape-outline-circle&#8221; icon_font=&#8221;fas fa-handshake&#8221; title=&#8221;RESPONSABILIDAD&#8221; description=&#8221;Cumplimiento de objetivos acordados con el cliente, siempre con puntualidad, calidad y dinamismo.&#8221; color_scheme=&#8221;color-light&#8221;][\/vc_column_inner][vc_column_inner width=&#8221;1\/3&#8243;][g5plus_icon_box layout_style=&#8221;layout-left&#8221; background_shape=&#8221;shape-outline-circle&#8221; icon_font=&#8221;fas fa-heart&#8221; title=&#8221;AGRADECIMIENTO&#8221; description=&#8221;Presencia en mente de las personas que engloban la creaci\u00f3n de cada oportunidad en la empresa a trav\u00e9s de un mutuo respeto y lealtad.&#8221; color_scheme=&#8221;color-light&#8221;][\/vc_column_inner][\/vc_row_inner][vc_empty_space][\/vc_column][\/vc_row]<\/p>\n<\/div>","protected":false},"excerpt":{"rendered":"<p>[vc_row full_width=&#8221;stretch_row&#8221; css=&#8221;.vc_custom_1625862457920{background-image: url(https:\/\/www.inmobiliaria.plusvaliauno.mx\/inmobiliaria\/wp-content\/uploads\/2020\/06\/plusvalia-uno-inversiones-inmobiliarias-inicio-back-4.jpg?id=4471) !important;background-position: center !important;background-repeat: no-repeat !important;background-size: cover !important;}&#8221;][vc_column][g5plus_space desktop=&#8221;100&#8243; tablet=&#8221;80&#8243; tablet_portrait=&#8221;60&#8243; mobile_landscape=&#8221;50&#8243; mobile=&#8221;40&#8243;][vc_row_inner][vc_column_inner width=&#8221;1\/2&#8243;][vc_single_image image=&#8221;4885&#8243; img_size=&#8221;full&#8221; alignment=&#8221;center&#8221;][\/vc_column_inner][vc_column_inner width=&#8221;1\/2&#8243;][vc_empty_space][vc_empty_space][vc_column_text css=&#8221;&#8221;] SOMOS UNO EN TODO&#8230; [\/vc_column_text][vc_column_text css=&#8221;&#8221;]Las bases y filosof\u00eda de Plusval\u00eda Uno, tienen un conocimiento profundo enfocado a revolucionar el sistema de los bienes ra\u00edces. Innovando y creando nuevas tendencias de modelos de [&hellip;]<\/p>\n","protected":false},"author":2,"featured_media":0,"parent":0,"menu_order":0,"comment_status":"closed","ping_status":"closed","template":"","meta":{"footnotes":""},"class_list":["post-10897","page","type-page","status-publish","hentry"],"_links":{"self":[{"href":"https:\/\/inmobiliaria.plusvaliauno.mx\/inmobiliaria\/wp-json\/wp\/v2\/pages\/10897","targetHints":{"allow":["GET"]}}],"collection":[{"href":"https:\/\/inmobiliaria.plusvaliauno.mx\/inmobiliaria\/wp-json\/wp\/v2\/pages"}],"about":[{"href":"https:\/\/inmobiliaria.plusvaliauno.mx\/inmobiliaria\/wp-json\/wp\/v2\/types\/page"}],"author":[{"embeddable":true,"href":"https:\/\/inmobiliaria.plusvaliauno.mx\/inmobiliaria\/wp-json\/wp\/v2\/users\/2"}],"replies":[{"embeddable":true,"href":"https:\/\/inmobiliaria.plusvaliauno.mx\/inmobiliaria\/wp-json\/wp\/v2\/comments?post=10897"}],"version-history":[{"count":32,"href":"https:\/\/inmobiliaria.plusvaliauno.mx\/inmobiliaria\/wp-json\/wp\/v2\/pages\/10897\/revisions"}],"predecessor-version":[{"id":11304,"href":"https:\/\/inmobiliaria.plusvaliauno.mx\/inmobiliaria\/wp-json\/wp\/v2\/pages\/10897\/revisions\/11304"}],"wp:attachment":[{"href":"https:\/\/inmobiliaria.plusvaliauno.mx\/inmobiliaria\/wp-json\/wp\/v2\/media?parent=10897"}],"curies":[{"name":"wp","href":"https:\/\/api.w.org\/{rel}","templated":true}]}}